{"id":708,"date":"2020-12-08T13:12:49","date_gmt":"2020-12-08T12:12:49","guid":{"rendered":"https:\/\/ecoretreat.es\/our-philosophy\/"},"modified":"2024-03-18T11:17:57","modified_gmt":"2024-03-18T10:17:57","slug":"nuestro-filosofia","status":"publish","type":"page","link":"https:\/\/ecoretreat.es\/es\/nuestro-filosofia\/","title":{"rendered":"Nuestro filosof\u00eda"},"content":{"rendered":"[vc_row type=\u00bbfull_width_background\u00bb full_screen_row_position=\u00bbmiddle\u00bb column_margin=\u00bbdefault\u00bb equal_height=\u00bbyes\u00bb column_direction=\u00bbdefault\u00bb column_direction_tablet=\u00bbdefault\u00bb column_direction_phone=\u00bbdefault\u00bb bg_color=\u00bb#0b473a\u00bb video_bg=\u00bbuse_video\u00bb video_mp4=\u00bbhttps:\/\/ecoretreat.es\/wp-content\/uploads\/2020\/12\/EcoRetreat-Philosophy.mp4&#8243; scene_position=\u00bbcenter\u00bb top_padding=\u00bb10%\u00bb bottom_padding=\u00bb7%\u00bb top_padding_tablet=\u00bb20%\u00bb bottom_padding_tablet=\u00bb25%\u00bb text_color=\u00bblight\u00bb text_align=\u00bbleft\u00bb row_border_radius=\u00bbnone\u00bb row_border_radius_applies=\u00bbbg\u00bb color_overlay=\u00bbrgba(11,71,58,0.9)\u00bb overlay_strength=\u00bb0.5&#8243; gradient_direction=\u00bbleft_to_right\u00bb enable_shape_divider=\u00bbtrue\u00bb shape_divider_position=\u00bbbottom\u00bb shape_divider_height=\u00bb150&#8243; bg_image_animation=\u00bbnone\u00bb parallax_bg=\u00bbtrue\u00bb parallax_bg_speed=\u00bbfast\u00bb shape_type=\u00bbcurve_opacity\u00bb][vc_column column_padding=\u00bbno-extra-padding\u00bb column_padding_tablet=\u00bbinherit\u00bb column_padding_phone=\u00bbinherit\u00bb column_padding_position=\u00bball\u00bb centered_text=\u00bbtrue\u00bb background_color_opacity=\u00bb1&#8243; background_hover_color_opacity=\u00bb1&#8243; column_shadow=\u00bbnone\u00bb column_border_radius=\u00bbnone\u00bb column_link_target=\u00bb_self\u00bb gradient_direction=\u00bbleft_to_right\u00bb overlay_strength=\u00bb0.3&#8243; width=\u00bb1\/1&#8243; tablet_width_inherit=\u00bbdefault\u00bb tablet_text_alignment=\u00bbdefault\u00bb phone_text_alignment=\u00bbdefault\u00bb column_border_width=\u00bbnone\u00bb column_border_style=\u00bbsolid\u00bb bg_image_animation=\u00bbnone\u00bb][vc_row_inner column_margin=\u00bbnone\u00bb column_direction=\u00bbdefault\u00bb column_direction_tablet=\u00bbdefault\u00bb column_direction_phone=\u00bbdefault\u00bb bottom_padding=\u00bb60&#8243; bottom_padding_tablet=\u00bb20&#8243; text_align=\u00bbleft\u00bb][vc_column_inner column_padding=\u00bbno-extra-padding\u00bb column_padding_tablet=\u00bbinherit\u00bb column_padding_phone=\u00bbinherit\u00bb column_padding_position=\u00bball\u00bb background_color_opacity=\u00bb1&#8243; background_hover_color_opacity=\u00bb1&#8243; column_shadow=\u00bbnone\u00bb column_border_radius=\u00bbnone\u00bb column_link_target=\u00bb_self\u00bb gradient_direction=\u00bbleft_to_right\u00bb overlay_strength=\u00bb0.3&#8243; width=\u00bb1\/6&#8243; tablet_width_inherit=\u00bbdefault\u00bb column_border_width=\u00bbnone\u00bb column_border_style=\u00bbsolid\u00bb bg_image_animation=\u00bbnone\u00bb enable_animation=\u00bbtrue\u00bb animation=\u00bbfade-in-from-bottom\u00bb][\/vc_column_inner][vc_column_inner column_padding=\u00bbno-extra-padding\u00bb column_padding_tablet=\u00bbinherit\u00bb column_padding_phone=\u00bbinherit\u00bb column_padding_position=\u00bball\u00bb background_color_opacity=\u00bb1&#8243; background_hover_color_opacity=\u00bb1&#8243; column_shadow=\u00bbnone\u00bb column_border_radius=\u00bbnone\u00bb column_link_target=\u00bb_self\u00bb gradient_direction=\u00bbleft_to_right\u00bb overlay_strength=\u00bb0.3&#8243; width=\u00bb2\/3&#8243; tablet_width_inherit=\u00bbdefault\u00bb column_border_width=\u00bbnone\u00bb column_border_style=\u00bbsolid\u00bb bg_image_animation=\u00bbnone\u00bb enable_animation=\u00bbtrue\u00bb animation=\u00bbfade-in-from-bottom\u00bb][nectar_highlighted_text color_type=\u00bbgradient\u00bb highlight_color=\u00bb#ff6b30&#8243; secondary_color=\u00bbrgba(255,107,48,0.01)\u00bb text_color=\u00bb#f8eadc\u00bb style=\u00bbhalf_text\u00bb custom_font_size=\u00bb7vh\u00bb delay=\u00bb200&#8243;]\n<h1>Nuestra filosof\u00eda<\/h1>\n[\/nectar_highlighted_text][\/vc_column_inner][vc_column_inner column_padding=\u00bbno-extra-padding\u00bb column_padding_tablet=\u00bbinherit\u00bb column_padding_phone=\u00bbinherit\u00bb column_padding_position=\u00bball\u00bb background_color_opacity=\u00bb1&#8243; background_hover_color_opacity=\u00bb1&#8243; column_shadow=\u00bbnone\u00bb column_border_radius=\u00bbnone\u00bb column_link_target=\u00bb_self\u00bb gradient_direction=\u00bbleft_to_right\u00bb overlay_strength=\u00bb0.3&#8243; width=\u00bb1\/6&#8243; tablet_width_inherit=\u00bbdefault\u00bb column_border_width=\u00bbnone\u00bb column_border_style=\u00bbsolid\u00bb bg_image_animation=\u00bbnone\u00bb][\/vc_column_inner][\/vc_row_inner][\/vc_column][\/vc_row][vc_row type=\u00bbin_container\u00bb full_screen_row_position=\u00bbmiddle\u00bb column_margin=\u00bb90px\u00bb equal_height=\u00bbyes\u00bb content_placement=\u00bbmiddle\u00bb column_direction=\u00bbdefault\u00bb column_direction_tablet=\u00bbdefault\u00bb column_direction_phone=\u00bbdefault\u00bb scene_position=\u00bbcenter\u00bb top_padding=\u00bb6%\u00bb bottom_padding=\u00bb4%\u00bb text_color=\u00bbdark\u00bb text_align=\u00bbleft\u00bb row_border_radius=\u00bbnone\u00bb row_border_radius_applies=\u00bbbg\u00bb overlay_strength=\u00bb0.3&#8243; gradient_direction=\u00bbleft_to_right\u00bb shape_divider_position=\u00bbbottom\u00bb bg_image_animation=\u00bbnone\u00bb shape_type=\u00bb\u00bb][vc_column column_padding=\u00bbpadding-2-percent\u00bb column_padding_tablet=\u00bbinherit\u00bb column_padding_phone=\u00bbinherit\u00bb column_padding_position=\u00bbtop-bottom\u00bb background_color_opacity=\u00bb1&#8243; background_hover_color_opacity=\u00bb1&#8243; column_shadow=\u00bbnone\u00bb column_border_radius=\u00bbnone\u00bb column_link_target=\u00bb_self\u00bb gradient_direction=\u00bbleft_to_right\u00bb overlay_strength=\u00bb0.3&#8243; width=\u00bb1\/2&#8243; tablet_width_inherit=\u00bbdefault\u00bb tablet_text_alignment=\u00bbdefault\u00bb phone_text_alignment=\u00bbdefault\u00bb column_border_width=\u00bbnone\u00bb column_border_style=\u00bbsolid\u00bb bg_image_animation=\u00bbnone\u00bb enable_animation=\u00bbtrue\u00bb animation=\u00bbfade-in-from-bottom\u00bb][vc_column_text]\n<h2>La eco-sostenibilidad, nuestro pilar fundamental<\/h2>\n[\/vc_column_text][vc_row_inner column_margin=\u00bbdefault\u00bb column_direction=\u00bbdefault\u00bb column_direction_tablet=\u00bbdefault\u00bb column_direction_phone=\u00bbdefault\u00bb top_padding=\u00bb20&#8243; text_align=\u00bbleft\u00bb][vc_column_inner column_padding=\u00bbno-extra-padding\u00bb column_padding_tablet=\u00bbinherit\u00bb column_padding_phone=\u00bbinherit\u00bb column_padding_position=\u00bball\u00bb background_color_opacity=\u00bb1&#8243; background_hover_color_opacity=\u00bb1&#8243; column_shadow=\u00bbnone\u00bb column_border_radius=\u00bbnone\u00bb column_link_target=\u00bb_self\u00bb gradient_direction=\u00bbleft_to_right\u00bb overlay_strength=\u00bb0.3&#8243; width=\u00bb1\/1&#8243; tablet_width_inherit=\u00bbdefault\u00bb column_border_width=\u00bbnone\u00bb column_border_style=\u00bbsolid\u00bb bg_image_animation=\u00bbnone\u00bb enable_animation=\u00bbtrue\u00bb animation=\u00bbfade-in-from-bottom\u00bb delay=\u00bb100&#8243;][vc_column_text]En ecoRETREAT, creemos firmemente en la importancia de tomar decisiones empresariales conscientes que consideren su impacto en el \u00e1mbito social, ambiental y econ\u00f3mico. Nos comprometemos a liderar el camino hacia un futuro m\u00e1s sostenible, educando y promoviendo el desarrollo sostenible y el bienestar en todas nuestras actividades.<\/p>\n<p>Colaboramos estrechamente con eco-alojamientos y parques naturales de Catalu\u00f1a para impulsar el desarrollo sostenible local y enriquecer nuestras comunidades.<\/p>\n<p><strong>\u00a1Te invitamos a unirte a nosotros y a ser parte activa del cambio hacia un turismo m\u00e1s verde y responsable! Juntos, podemos marcar la diferencia y construir un mundo mejor para las generaciones futuras.<\/strong>[\/vc_column_text][\/vc_column_inner][\/vc_row_inner][\/vc_column][vc_column column_padding=\u00bbpadding-5-percent\u00bb column_padding_tablet=\u00bbinherit\u00bb column_padding_phone=\u00bbinherit\u00bb column_padding_position=\u00bball\u00bb background_color_opacity=\u00bb1&#8243; background_hover_color_opacity=\u00bb1&#8243; background_image=\u00bb593&#8243; background_image_position=\u00bbcenter center\u00bb enable_bg_scale=\u00bbtrue\u00bb column_shadow=\u00bbnone\u00bb column_border_radius=\u00bbnone\u00bb column_link_target=\u00bb_self\u00bb gradient_direction=\u00bbleft_to_right\u00bb overlay_strength=\u00bb0.3&#8243; width=\u00bb1\/2&#8243; tablet_width_inherit=\u00bbdefault\u00bb tablet_text_alignment=\u00bbdefault\u00bb phone_text_alignment=\u00bbdefault\u00bb column_border_width=\u00bbnone\u00bb column_border_style=\u00bbsolid\u00bb bg_image_animation=\u00bbzoom-out-reveal\u00bb][divider line_type=\u00bbNo Line\u00bb custom_height=\u00bb300&#8243;][\/vc_column][\/vc_row][vc_row type=\u00bbfull_width_background\u00bb full_screen_row_position=\u00bbmiddle\u00bb column_margin=\u00bbdefault\u00bb column_direction=\u00bbdefault\u00bb column_direction_tablet=\u00bbdefault\u00bb column_direction_phone=\u00bbdefault\u00bb bg_color=\u00bb#ffffff\u00bb scene_position=\u00bbcenter\u00bb top_padding=\u00bb2%\u00bb bottom_padding=\u00bb9%\u00bb text_color=\u00bbdark\u00bb text_align=\u00bbleft\u00bb row_border_radius=\u00bbnone\u00bb row_border_radius_applies=\u00bbbg\u00bb overlay_strength=\u00bb0.3&#8243; gradient_direction=\u00bbleft_to_right\u00bb shape_divider_position=\u00bbbottom\u00bb bg_image_animation=\u00bbnone\u00bb shape_type=\u00bb\u00bb][vc_column column_padding=\u00bbno-extra-padding\u00bb column_padding_tablet=\u00bbinherit\u00bb column_padding_phone=\u00bbinherit\u00bb column_padding_position=\u00bball\u00bb background_color_opacity=\u00bb1&#8243; background_hover_color_opacity=\u00bb1&#8243; column_shadow=\u00bbnone\u00bb column_border_radius=\u00bbnone\u00bb column_link_target=\u00bb_self\u00bb gradient_direction=\u00bbleft_to_right\u00bb overlay_strength=\u00bb0.3&#8243; width=\u00bb1\/1&#8243; tablet_width_inherit=\u00bbdefault\u00bb tablet_text_alignment=\u00bbdefault\u00bb phone_text_alignment=\u00bbdefault\u00bb column_border_width=\u00bbnone\u00bb column_border_style=\u00bbsolid\u00bb bg_image_animation=\u00bbnone\u00bb][clients columns=\u00bb4&#8243; hover_effect=\u00bbgreyscale_to_color\u00bb additional_padding=\u00bb4&#8243; fade_in_animation=\u00bbtrue\u00bb][client image=\u00bb781&#8243; title=\u00bbClient\u00bb id=\u00bb1710756255478-1&#8243; url=\u00bbhttps:\/\/www.biospheretourism.com\/en\u00bb tab_id=\u00bb1710756255481-9&#8243; name=\u00bbBiosphere\u00bb] \u00a0[\/client][client image=\u00bb785&#8243; title=\u00bbClient\u00bb id=\u00bb1710756255514-10&#8243; url=\u00bbhttps:\/\/www.barcelona.cat\/barcelonasostenible\/ca\u00bb tab_id=\u00bb1710756255515-4&#8243; name=\u00bbBarcelona + Sostenible\u00bb] \u00a0[\/client][client image=\u00bb599&#8243; title=\u00bbClient\u00bb id=\u00bb1710756255536-5&#8243; url=\u00bbhttps:\/\/www.acave.travel\/\u00bb tab_id=\u00bb1710756255537-6&#8243; name=\u00bbACAVE\u00bb] \u00a0[\/client][client image=\u00bb603&#8243; title=\u00bbClient\u00bb id=\u00bb1710756255552-4&#8243; url=\u00bbhttps:\/\/www.catalunya.com\/\u00bb tab_id=\u00bb1710756255553-7&#8243; name=\u00bbACT\u00bb] \u00a0[\/client][client image=\u00bb663&#8243; title=\u00bbClient\u00bb id=\u00bb1710756255570-9&#8243; url=\u00bb#\u00bb tab_id=\u00bb1710756255571-8&#8243; name=\u00bbCap de Creus\u00bb] \u00a0[\/client][client image=\u00bb667&#8243; title=\u00bbClient\u00bb id=\u00bb1710756255590-2&#8243; url=\u00bb#\u00bb tab_id=\u00bb1710756255590-0&#8243; name=\u00bbGarottxa\u00bb] \u00a0[\/client][client image=\u00bb674&#8243; title=\u00bbClient\u00bb id=\u00bb1710756255609-6&#8243; url=\u00bb#\u00bb tab_id=\u00bb1710756255610-4&#8243; name=\u00bbemporda auiga mols\u00bb] \u00a0[\/client][client image=\u00bb757&#8243; title=\u00bbClient\u00bb id=\u00bb1710756255629-0&#8243; url=\u00bbhttp:\/\/www.unesco.org\/new\/en\/natural-sciences\/environment\/earth-sciences\/unesco-global-geoparks\/list-of-unesco-global-geoparks\/spain\/central-catalonia\/\u00bb tab_id=\u00bb1710756255630-3&#8243; name=\u00bbUnesco Global Geoparks\u00bb] \u00a0[\/client][\/clients][\/vc_column][\/vc_row][vc_row type=\u00bbfull_width_background\u00bb full_screen_row_position=\u00bbmiddle\u00bb column_margin=\u00bbdefault\u00bb equal_height=\u00bbyes\u00bb content_placement=\u00bbmiddle\u00bb column_direction=\u00bbdefault\u00bb column_direction_tablet=\u00bbdefault\u00bb column_direction_phone=\u00bbdefault\u00bb bg_image=\u00bb314&#8243; bg_position=\u00bbcenter center\u00bb bg_repeat=\u00bbno-repeat\u00bb scene_position=\u00bbcenter\u00bb top_padding=\u00bb10%\u00bb bottom_padding=\u00bb8%\u00bb text_color=\u00bblight\u00bb text_align=\u00bbleft\u00bb row_border_radius=\u00bbnone\u00bb row_border_radius_applies=\u00bbbg\u00bb enable_gradient=\u00bbtrue\u00bb color_overlay=\u00bb#0b473a\u00bb color_overlay_2=\u00bb#0b473a\u00bb overlay_strength=\u00bb0.8&#8243; gradient_direction=\u00bbleft_to_right\u00bb enable_shape_divider=\u00bbtrue\u00bb shape_divider_position=\u00bbtop\u00bb shape_divider_height=\u00bb150&#8243; bg_image_animation=\u00bbnone\u00bb shape_type=\u00bbcurve_opacity\u00bb][vc_column column_padding=\u00bbno-extra-padding\u00bb column_padding_tablet=\u00bbinherit\u00bb column_padding_phone=\u00bbinherit\u00bb column_padding_position=\u00bball\u00bb background_color_opacity=\u00bb1&#8243; background_hover_color_opacity=\u00bb1&#8243; column_shadow=\u00bbnone\u00bb column_border_radius=\u00bbnone\u00bb column_link_target=\u00bb_self\u00bb gradient_direction=\u00bbleft_to_right\u00bb overlay_strength=\u00bb0.3&#8243; width=\u00bb1\/1&#8243; tablet_width_inherit=\u00bbdefault\u00bb tablet_text_alignment=\u00bbdefault\u00bb phone_text_alignment=\u00bbdefault\u00bb column_border_width=\u00bbnone\u00bb column_border_style=\u00bbsolid\u00bb bg_image_animation=\u00bbnone\u00bb][vc_row_inner column_margin=\u00bbdefault\u00bb column_direction=\u00bbdefault\u00bb column_direction_tablet=\u00bbdefault\u00bb column_direction_phone=\u00bbdefault\u00bb text_align=\u00bbleft\u00bb][vc_column_inner column_padding=\u00bbno-extra-padding\u00bb column_padding_tablet=\u00bbinherit\u00bb column_padding_phone=\u00bbinherit\u00bb column_padding_position=\u00bball\u00bb background_color_opacity=\u00bb1&#8243; background_hover_color_opacity=\u00bb1&#8243; column_shadow=\u00bbnone\u00bb column_border_radius=\u00bbnone\u00bb column_link_target=\u00bb_self\u00bb gradient_direction=\u00bbleft_to_right\u00bb overlay_strength=\u00bb0.3&#8243; width=\u00bb1\/6&#8243; tablet_width_inherit=\u00bbdefault\u00bb column_border_width=\u00bbnone\u00bb column_border_style=\u00bbsolid\u00bb bg_image_animation=\u00bbnone\u00bb][\/vc_column_inner][vc_column_inner column_padding=\u00bbpadding-2-percent\u00bb column_padding_tablet=\u00bbinherit\u00bb column_padding_phone=\u00bbinherit\u00bb column_padding_position=\u00bbleft-right\u00bb centered_text=\u00bbtrue\u00bb background_color_opacity=\u00bb1&#8243; background_hover_color_opacity=\u00bb1&#8243; column_shadow=\u00bbnone\u00bb column_border_radius=\u00bbnone\u00bb column_link_target=\u00bb_self\u00bb gradient_direction=\u00bbleft_to_right\u00bb overlay_strength=\u00bb0.3&#8243; width=\u00bb2\/3&#8243; tablet_width_inherit=\u00bbdefault\u00bb column_border_width=\u00bbnone\u00bb column_border_style=\u00bbsolid\u00bb bg_image_animation=\u00bbnone\u00bb enable_animation=\u00bbtrue\u00bb animation=\u00bbfade-in-from-bottom\u00bb][vc_custom_heading text=\u00bbEmpieza a planear tu experiencia\u00bb font_container=\u00bbtag:h2|font_size:52|text_align:center|line_height:52px\u00bb use_theme_fonts=\u00bbyes\u00bb css_animation=\u00bbnone\u00bb][divider line_type=\u00bbNo Line\u00bb custom_height=\u00bb10&#8243;][vc_custom_heading text=\u00bbEncuentra el equilibrio perfecto entre trabajo y tiempo para desconectar de la rutina y aumenta la productividad\u00bb font_container=\u00bbtag:p|font_size:20px|text_align:center\u00bb use_theme_fonts=\u00bbyes\u00bb][nectar_btn size=\u00bblarge\u00bb button_style=\u00bbregular\u00bb button_color_2=\u00bbAccent-Color\u00bb icon_family=\u00bbdefault_arrow\u00bb url=\u00bbhttps:\/\/ecoretreat.es\/es\/book-your-retreat\/\u00bb text=\u00bbReserva tu retiro\u00bb css_animation=\u00bbnone\u00bb][\/vc_column_inner][vc_column_inner column_padding=\u00bbno-extra-padding\u00bb column_padding_tablet=\u00bbinherit\u00bb column_padding_phone=\u00bbinherit\u00bb column_padding_position=\u00bball\u00bb background_color_opacity=\u00bb1&#8243; background_hover_color_opacity=\u00bb1&#8243; column_shadow=\u00bbnone\u00bb column_border_radius=\u00bbnone\u00bb column_link_target=\u00bb_self\u00bb gradient_direction=\u00bbleft_to_right\u00bb overlay_strength=\u00bb0.3&#8243; width=\u00bb1\/6&#8243; tablet_width_inherit=\u00bbdefault\u00bb column_border_width=\u00bbnone\u00bb column_border_style=\u00bbsolid\u00bb bg_image_animation=\u00bbnone\u00bb][\/vc_column_inner][\/vc_row_inner][\/vc_column][\/vc_row]\n","protected":false},"excerpt":{"rendered":"<p>[vc_row type=\u00bbfull_width_background\u00bb full_screen_row_position=\u00bbmiddle\u00bb column_margin=\u00bbdefault\u00bb equal_height=\u00bbyes\u00bb column_direction=\u00bbdefault\u00bb column_direction_tablet=\u00bbdefault\u00bb column_direction_phone=\u00bbdefault\u00bb bg_color=\u00bb#0b473a\u00bb video_bg=\u00bbuse_video\u00bb video_mp4=\u00bbhttps:\/\/ecoretreat.es\/wp-content\/uploads\/2020\/12\/EcoRetreat-Philosophy.mp4&#8243; scene_position=\u00bbcenter\u00bb top_padding=\u00bb10%\u00bb bottom_padding=\u00bb7%\u00bb top_padding_tablet=\u00bb20%\u00bb bottom_padding_tablet=\u00bb25%\u00bb text_color=\u00bblight\u00bb text_align=\u00bbleft\u00bb row_border_radius=\u00bbnone\u00bb row_border_radius_applies=\u00bbbg\u00bb color_overlay=\u00bbrgba(11,71,58,0.9)\u00bb overlay_strength=\u00bb0.5&#8243; gradient_direction=\u00bbleft_to_right\u00bb enable_shape_divider=\u00bbtrue\u00bb shape_divider_position=\u00bbbottom\u00bb shape_divider_height=\u00bb150&#8243; bg_image_animation=\u00bbnone\u00bb parallax_bg=\u00bbtrue\u00bb parallax_bg_speed=\u00bbfast\u00bb shape_type=\u00bbcurve_opacity\u00bb][vc_column&#8230;<\/p>\n","protected":false},"author":1,"featured_media":0,"parent":0,"menu_order":0,"comment_status":"closed","ping_status":"closed","template":"","meta":[],"yoast_head":"<!-- This site is optimized with the Yoast SEO plugin v15.7 - https:\/\/yoast.com\/wordpress\/plugins\/seo\/ -->\n<title>Nuestra filosof\u00eda - Sostenibilidad y ecolog\u00eda - ecoRETREAT<\/title>\n<meta name=\"description\" content=\"Ecolog\u00eda y la sostenibilidad. ecoRetreats, busca fortalecer la conexi\u00f3n entre el trabajo y la naturaleza, potenciar la productividad, el esp\u00edritu de equipo y la motivaci\u00f3n de los trabajadores.\" \/>\n<meta name=\"robots\" content=\"index, follow, max-snippet:-1, max-image-preview:large, max-video-preview:-1\" \/>\n<link rel=\"canonical\" href=\"https:\/\/ecoretreat.es\/es\/nuestro-filosofia\/\" \/>\n<meta property=\"og:locale\" content=\"es_ES\" \/>\n<meta property=\"og:type\" content=\"article\" \/>\n<meta property=\"og:title\" content=\"Nuestra filosof\u00eda - Sostenibilidad y ecolog\u00eda - ecoRETREAT\" \/>\n<meta property=\"og:description\" content=\"Ecolog\u00eda y la sostenibilidad. ecoRetreats, busca fortalecer la conexi\u00f3n entre el trabajo y la naturaleza, potenciar la productividad, el esp\u00edritu de equipo y la motivaci\u00f3n de los trabajadores.\" \/>\n<meta property=\"og:url\" content=\"https:\/\/ecoretreat.es\/es\/nuestro-filosofia\/\" \/>\n<meta property=\"og:site_name\" content=\"Eco Retreat\" \/>\n<meta property=\"article:modified_time\" content=\"2024-03-18T10:17:57+00:00\" \/>\n<meta name=\"twitter:card\" content=\"summary_large_image\" \/>\n<meta name=\"twitter:label1\" content=\"Tiempo de lectura\">\n\t<meta name=\"twitter:data1\" content=\"3 minutos\">\n<script type=\"application\/ld+json\" class=\"yoast-schema-graph\">{\"@context\":\"https:\/\/schema.org\",\"@graph\":[{\"@type\":\"WebSite\",\"@id\":\"https:\/\/ecoretreat.es\/#website\",\"url\":\"https:\/\/ecoretreat.es\/\",\"name\":\"Eco Retreat\",\"description\":\"\",\"potentialAction\":[{\"@type\":\"SearchAction\",\"target\":\"https:\/\/ecoretreat.es\/?s={search_term_string}\",\"query-input\":\"required name=search_term_string\"}],\"inLanguage\":\"es\"},{\"@type\":\"WebPage\",\"@id\":\"https:\/\/ecoretreat.es\/es\/nuestro-filosofia\/#webpage\",\"url\":\"https:\/\/ecoretreat.es\/es\/nuestro-filosofia\/\",\"name\":\"Nuestra filosof\\u00eda - Sostenibilidad y ecolog\\u00eda - ecoRETREAT\",\"isPartOf\":{\"@id\":\"https:\/\/ecoretreat.es\/#website\"},\"datePublished\":\"2020-12-08T12:12:49+00:00\",\"dateModified\":\"2024-03-18T10:17:57+00:00\",\"description\":\"Ecolog\\u00eda y la sostenibilidad. ecoRetreats, busca fortalecer la conexi\\u00f3n entre el trabajo y la naturaleza, potenciar la productividad, el esp\\u00edritu de equipo y la motivaci\\u00f3n de los trabajadores.\",\"inLanguage\":\"es\",\"potentialAction\":[{\"@type\":\"ReadAction\",\"target\":[\"https:\/\/ecoretreat.es\/es\/nuestro-filosofia\/\"]}]}]}<\/script>\n<!-- \/ Yoast SEO plugin. -->","_links":{"self":[{"href":"https:\/\/ecoretreat.es\/es\/wp-json\/wp\/v2\/pages\/708"}],"collection":[{"href":"https:\/\/ecoretreat.es\/es\/wp-json\/wp\/v2\/pages"}],"about":[{"href":"https:\/\/ecoretreat.es\/es\/wp-json\/wp\/v2\/types\/page"}],"author":[{"embeddable":true,"href":"https:\/\/ecoretreat.es\/es\/wp-json\/wp\/v2\/users\/1"}],"replies":[{"embeddable":true,"href":"https:\/\/ecoretreat.es\/es\/wp-json\/wp\/v2\/comments?post=708"}],"version-history":[{"count":11,"href":"https:\/\/ecoretreat.es\/es\/wp-json\/wp\/v2\/pages\/708\/revisions"}],"predecessor-version":[{"id":718,"href":"https:\/\/ecoretreat.es\/es\/wp-json\/wp\/v2\/pages\/708\/revisions\/718"}],"wp:attachment":[{"href":"https:\/\/ecoretreat.es\/es\/wp-json\/wp\/v2\/media?parent=708"}],"curies":[{"name":"wp","href":"https:\/\/api.w.org\/{rel}","templated":true}]}}